{"id":2814,"date":"2023-10-03T17:06:33","date_gmt":"2023-10-03T16:06:33","guid":{"rendered":"https:\/\/wp.2digital.si\/luka\/about\/"},"modified":"2026-01-13T15:13:39","modified_gmt":"2026-01-13T14:13:39","slug":"o-nas","status":"publish","type":"page","link":"https:\/\/studio-rugel.com\/sl\/o-nas\/","title":{"rendered":"O nas"},"content":{"rendered":"<div class=\"fusion-fullwidth fullwidth-box fusion-builder-row-1 fusion-flex-container has-pattern-background has-mask-background nonhundred-percent-fullwidth non-hundred-percent-height-scrolling\" style=\"--awb-border-radius-top-left:0px;--awb-border-radius-top-right:0px;--awb-border-radius-bottom-right:0px;--awb-border-radius-bottom-left:0px;--awb-min-height:55vh;--awb-flex-wrap:wrap;\" ><div class=\"fusion-builder-row fusion-row fusion-flex-align-items-flex-start fusion-flex-content-wrap\" style=\"max-width:1040px;margin-left: calc(-4% \/ 2 );margin-right: calc(-4% \/ 2 );\"><div class=\"fusion-layout-column fusion_builder_column fusion-builder-column-0 fusion_builder_column_1_1 1_1 fusion-flex-column\" style=\"--awb-bg-size:cover;--awb-width-large:100%;--awb-spacing-right-large:1.92%;--awb-margin-bottom-large:0px;--awb-spacing-left-large:1.92%;--awb-width-medium:100%;--awb-order-medium:0;--awb-spacing-right-medium:1.92%;--awb-spacing-left-medium:1.92%;--awb-width-small:100%;--awb-order-small:0;--awb-spacing-right-small:1.92%;--awb-spacing-left-small:1.92%;\"><div class=\"fusion-column-wrapper fusion-column-has-shadow fusion-flex-justify-content-flex-start fusion-content-layout-column\"><div class=\"fusion-text fusion-text-1 fusion-text-no-margin\" style=\"--awb-margin-bottom:50px;\"><p>Studio Rugel je multidisciplinarni oblikovalski studio, v katerem ustvarjamo umetni\u0161ka dela, svetila in pohi\u0161tvo. Na\u0161e vodilo je uporaba naravnih materialov, kot so les, kamen in aluminij, v kombinaciji z napredno tehnologijo in tradicionalnim znanjem. Verjamemo v premi\u0161ljeno oblikovanje &#8211; na\u0161i izdelki odra\u017eajo tehni\u010dno dovr\u0161enost in vizualno lahkotnost. Vsak detajl je skrbno na\u010drtovan s poudarkom na trajnosti, kar zagotavlja brez\u010dasno eleganco, kjer sta oblika in funkcija nelo\u010dljivi.<\/p>\n<\/div><div class=\"awb-gallery-wrapper awb-gallery-wrapper-1 button-span-no\" style=\"--more-btn-alignment:center;\"><div style=\"margin:-5px;--awb-bordersize:0px;\" class=\"fusion-gallery fusion-gallery-container fusion-grid-3 fusion-columns-total-6 fusion-gallery-layout-grid fusion-gallery-1\"><div style=\"padding:5px;\" class=\"fusion-grid-column fusion-gallery-column fusion-gallery-column-3 hover-type-none\"><div class=\"fusion-gallery-image\"><a href=\"https:\/\/studio-rugel.com\/wp-content\/uploads\/2026\/01\/studio-rugelj-02-scaled.webp\" rel=\"noreferrer\" data-rel=\"iLightbox[gallery_image_1]\" class=\"fusion-lightbox\" target=\"_self\"><img decoding=\"async\" src=\"https:\/\/studio-rugel.com\/wp-content\/uploads\/2026\/01\/studio-rugelj-02-scaled.webp\" width=\"2560\" height=\"1703\" alt=\"\" title=\"studio-rugelj-02\" aria-label=\"studio-rugelj-02\" class=\"img-responsive wp-image-2855\" srcset=\"https:\/\/studio-rugel.com\/wp-content\/uploads\/2026\/01\/studio-rugelj-02-200x133.webp 200w, https:\/\/studio-rugel.com\/wp-content\/uploads\/2026\/01\/studio-rugelj-02-400x266.webp 400w, https:\/\/studio-rugel.com\/wp-content\/uploads\/2026\/01\/studio-rugelj-02-600x399.webp 600w, https:\/\/studio-rugel.com\/wp-content\/uploads\/2026\/01\/studio-rugelj-02-800x532.webp 800w, https:\/\/studio-rugel.com\/wp-content\/uploads\/2026\/01\/studio-rugelj-02-1200x798.webp 1200w, https:\/\/studio-rugel.com\/wp-content\/uploads\/2026\/01\/studio-rugelj-02-scaled.webp 2560w\" sizes=\"(min-width: 2200px) 100vw, (min-width: 784px) 330px, (min-width: 712px) 495px, (min-width: 640px) 712px, \" \/><\/a><\/div><\/div><div style=\"padding:5px;\" class=\"fusion-grid-column fusion-gallery-column fusion-gallery-column-3 hover-type-none\"><div class=\"fusion-gallery-image\"><a href=\"https:\/\/studio-rugel.com\/wp-content\/uploads\/2026\/01\/studio-rugelj-03-scaled.webp\" rel=\"noreferrer\" data-rel=\"iLightbox[gallery_image_1]\" class=\"fusion-lightbox\" target=\"_self\"><img decoding=\"async\" src=\"https:\/\/studio-rugel.com\/wp-content\/uploads\/2026\/01\/studio-rugelj-03-scaled.webp\" width=\"2560\" height=\"1703\" alt=\"\" title=\"studio-rugelj-03\" aria-label=\"studio-rugelj-03\" class=\"img-responsive wp-image-2856\" srcset=\"https:\/\/studio-rugel.com\/wp-content\/uploads\/2026\/01\/studio-rugelj-03-200x133.webp 200w, https:\/\/studio-rugel.com\/wp-content\/uploads\/2026\/01\/studio-rugelj-03-400x266.webp 400w, https:\/\/studio-rugel.com\/wp-content\/uploads\/2026\/01\/studio-rugelj-03-600x399.webp 600w, https:\/\/studio-rugel.com\/wp-content\/uploads\/2026\/01\/studio-rugelj-03-800x532.webp 800w, https:\/\/studio-rugel.com\/wp-content\/uploads\/2026\/01\/studio-rugelj-03-1200x798.webp 1200w, https:\/\/studio-rugel.com\/wp-content\/uploads\/2026\/01\/studio-rugelj-03-scaled.webp 2560w\" sizes=\"(min-width: 2200px) 100vw, (min-width: 784px) 330px, (min-width: 712px) 495px, (min-width: 640px) 712px, \" \/><\/a><\/div><\/div><div style=\"padding:5px;\" class=\"fusion-grid-column fusion-gallery-column fusion-gallery-column-3 hover-type-none\"><div class=\"fusion-gallery-image\"><a href=\"https:\/\/studio-rugel.com\/wp-content\/uploads\/2026\/01\/studio-rugelj-07-scaled.webp\" rel=\"noreferrer\" data-rel=\"iLightbox[gallery_image_1]\" class=\"fusion-lightbox\" target=\"_self\"><img decoding=\"async\" src=\"https:\/\/studio-rugel.com\/wp-content\/uploads\/2026\/01\/studio-rugelj-07-scaled.webp\" width=\"2560\" height=\"1703\" alt=\"\" title=\"studio-rugelj-07\" aria-label=\"studio-rugelj-07\" class=\"img-responsive wp-image-2858\" srcset=\"https:\/\/studio-rugel.com\/wp-content\/uploads\/2026\/01\/studio-rugelj-07-200x133.webp 200w, https:\/\/studio-rugel.com\/wp-content\/uploads\/2026\/01\/studio-rugelj-07-400x266.webp 400w, https:\/\/studio-rugel.com\/wp-content\/uploads\/2026\/01\/studio-rugelj-07-600x399.webp 600w, https:\/\/studio-rugel.com\/wp-content\/uploads\/2026\/01\/studio-rugelj-07-800x532.webp 800w, https:\/\/studio-rugel.com\/wp-content\/uploads\/2026\/01\/studio-rugelj-07-1200x798.webp 1200w, https:\/\/studio-rugel.com\/wp-content\/uploads\/2026\/01\/studio-rugelj-07-scaled.webp 2560w\" sizes=\"(min-width: 2200px) 100vw, (min-width: 784px) 330px, (min-width: 712px) 495px, (min-width: 640px) 712px, \" \/><\/a><\/div><\/div><div class=\"clearfix\"><\/div><div style=\"padding:5px;\" class=\"fusion-grid-column fusion-gallery-column fusion-gallery-column-3 hover-type-none\"><div class=\"fusion-gallery-image\"><a href=\"https:\/\/studio-rugel.com\/wp-content\/uploads\/2026\/01\/studio-rugelj-10-scaled.webp\" rel=\"noreferrer\" data-rel=\"iLightbox[gallery_image_1]\" class=\"fusion-lightbox\" target=\"_self\"><img decoding=\"async\" src=\"https:\/\/studio-rugel.com\/wp-content\/uploads\/2026\/01\/studio-rugelj-10-scaled.webp\" width=\"2560\" height=\"1663\" alt=\"\" title=\"studio-rugelj-10\" aria-label=\"studio-rugelj-10\" class=\"img-responsive wp-image-2860\" srcset=\"https:\/\/studio-rugel.com\/wp-content\/uploads\/2026\/01\/studio-rugelj-10-200x130.webp 200w, https:\/\/studio-rugel.com\/wp-content\/uploads\/2026\/01\/studio-rugelj-10-400x260.webp 400w, https:\/\/studio-rugel.com\/wp-content\/uploads\/2026\/01\/studio-rugelj-10-600x390.webp 600w, https:\/\/studio-rugel.com\/wp-content\/uploads\/2026\/01\/studio-rugelj-10-800x520.webp 800w, https:\/\/studio-rugel.com\/wp-content\/uploads\/2026\/01\/studio-rugelj-10-1200x780.webp 1200w, https:\/\/studio-rugel.com\/wp-content\/uploads\/2026\/01\/studio-rugelj-10-scaled.webp 2560w\" sizes=\"(min-width: 2200px) 100vw, (min-width: 784px) 330px, (min-width: 712px) 495px, (min-width: 640px) 712px, \" \/><\/a><\/div><\/div><div style=\"padding:5px;\" class=\"fusion-grid-column fusion-gallery-column fusion-gallery-column-3 hover-type-none\"><div class=\"fusion-gallery-image\"><a href=\"https:\/\/studio-rugel.com\/wp-content\/uploads\/2026\/01\/studio-rugelj-05-scaled.webp\" rel=\"noreferrer\" data-rel=\"iLightbox[gallery_image_1]\" class=\"fusion-lightbox\" target=\"_self\"><img decoding=\"async\" src=\"https:\/\/studio-rugel.com\/wp-content\/uploads\/2026\/01\/studio-rugelj-05-scaled.webp\" width=\"1703\" height=\"2560\" alt=\"\" title=\"studio-rugelj-05\" aria-label=\"studio-rugelj-05\" class=\"img-responsive wp-image-2857\" srcset=\"https:\/\/studio-rugel.com\/wp-content\/uploads\/2026\/01\/studio-rugelj-05-200x301.webp 200w, https:\/\/studio-rugel.com\/wp-content\/uploads\/2026\/01\/studio-rugelj-05-400x601.webp 400w, https:\/\/studio-rugel.com\/wp-content\/uploads\/2026\/01\/studio-rugelj-05-600x902.webp 600w, https:\/\/studio-rugel.com\/wp-content\/uploads\/2026\/01\/studio-rugelj-05-800x1202.webp 800w, https:\/\/studio-rugel.com\/wp-content\/uploads\/2026\/01\/studio-rugelj-05-1200x1803.webp 1200w, https:\/\/studio-rugel.com\/wp-content\/uploads\/2026\/01\/studio-rugelj-05-scaled.webp 1703w\" sizes=\"(min-width: 2200px) 100vw, (min-width: 784px) 330px, (min-width: 712px) 495px, (min-width: 640px) 712px, \" \/><\/a><\/div><\/div><div style=\"padding:5px;\" class=\"fusion-grid-column fusion-gallery-column fusion-gallery-column-3 hover-type-none\"><div class=\"fusion-gallery-image\"><a href=\"https:\/\/studio-rugel.com\/wp-content\/uploads\/2026\/01\/studio-rugelj-09-scaled.webp\" rel=\"noreferrer\" data-rel=\"iLightbox[gallery_image_1]\" class=\"fusion-lightbox\" target=\"_self\"><img decoding=\"async\" src=\"https:\/\/studio-rugel.com\/wp-content\/uploads\/2026\/01\/studio-rugelj-09-scaled.webp\" width=\"2560\" height=\"1706\" alt=\"\" title=\"studio-rugelj-09\" aria-label=\"studio-rugelj-09\" class=\"img-responsive wp-image-2859\" srcset=\"https:\/\/studio-rugel.com\/wp-content\/uploads\/2026\/01\/studio-rugelj-09-200x133.webp 200w, https:\/\/studio-rugel.com\/wp-content\/uploads\/2026\/01\/studio-rugelj-09-400x267.webp 400w, https:\/\/studio-rugel.com\/wp-content\/uploads\/2026\/01\/studio-rugelj-09-600x400.webp 600w, https:\/\/studio-rugel.com\/wp-content\/uploads\/2026\/01\/studio-rugelj-09-800x533.webp 800w, https:\/\/studio-rugel.com\/wp-content\/uploads\/2026\/01\/studio-rugelj-09-1200x800.webp 1200w, https:\/\/studio-rugel.com\/wp-content\/uploads\/2026\/01\/studio-rugelj-09-scaled.webp 2560w\" sizes=\"(min-width: 2200px) 100vw, (min-width: 784px) 330px, (min-width: 712px) 495px, (min-width: 640px) 712px, \" \/><\/a><\/div><\/div><div class=\"clearfix\"><\/div><\/div><\/div><\/div><\/div><\/div><\/div>\n","protected":false},"excerpt":{"rendered":"","protected":false},"author":1,"featured_media":0,"parent":0,"menu_order":0,"comment_status":"closed","ping_status":"closed","template":"100-width.php","meta":{"_acf_changed":false,"footnotes":""},"class_list":["post-2814","page","type-page","status-publish","hentry"],"acf":[],"_links":{"self":[{"href":"https:\/\/studio-rugel.com\/sl\/wp-json\/wp\/v2\/pages\/2814","targetHints":{"allow":["GET"]}}],"collection":[{"href":"https:\/\/studio-rugel.com\/sl\/wp-json\/wp\/v2\/pages"}],"about":[{"href":"https:\/\/studio-rugel.com\/sl\/wp-json\/wp\/v2\/types\/page"}],"author":[{"embeddable":true,"href":"https:\/\/studio-rugel.com\/sl\/wp-json\/wp\/v2\/users\/1"}],"replies":[{"embeddable":true,"href":"https:\/\/studio-rugel.com\/sl\/wp-json\/wp\/v2\/comments?post=2814"}],"version-history":[{"count":4,"href":"https:\/\/studio-rugel.com\/sl\/wp-json\/wp\/v2\/pages\/2814\/revisions"}],"predecessor-version":[{"id":2865,"href":"https:\/\/studio-rugel.com\/sl\/wp-json\/wp\/v2\/pages\/2814\/revisions\/2865"}],"wp:attachment":[{"href":"https:\/\/studio-rugel.com\/sl\/wp-json\/wp\/v2\/media?parent=2814"}],"curies":[{"name":"wp","href":"https:\/\/api.w.org\/{rel}","templated":true}]}}