{"id":2820,"date":"2026-01-07T13:17:35","date_gmt":"2026-01-07T12:17:35","guid":{"rendered":"https:\/\/wp.2digital.si\/luka\/origami-collection\/"},"modified":"2026-01-13T14:27:42","modified_gmt":"2026-01-13T13:27:42","slug":"origami-collection","status":"publish","type":"product","link":"https:\/\/studio-rugel.com\/sl\/izdelek\/origami-collection\/","title":{"rendered":"Origami collection"},"content":{"rendered":"<p>Origami je sodobna kolekcija pohi\u0161tva, izdelana iz masivnega hrastovega lesa in MDF plo\u0161\u010d. Navdih zanjo je bila japonska umetnost zgibanja papirja, odlikuje pa jo estetska dovr\u0161enost, natan\u010dna izdelava in okolju prijazni materiali. Minimalisti\u010dno obliko kolekcije poudarjajo geometrijske linije in lesni spoji brez kovinskih veznikov.<\/p>\n","protected":false},"excerpt":{"rendered":"<p>Origami je sodobna kolekcija pohi\u0161tva, izdelana iz masivnega hrastovega lesa  [&#8230;]<\/p>\n","protected":false},"featured_media":2821,"comment_status":"closed","ping_status":"closed","template":"","meta":{"_acf_changed":false},"product_brand":[],"product_cat":[78],"product_tag":[],"class_list":{"0":"post-2820","1":"product","2":"type-product","3":"status-publish","4":"has-post-thumbnail","6":"product_cat-design","8":"first","9":"instock","10":"shipping-taxable","11":"product-type-simple"},"acf":[],"_links":{"self":[{"href":"https:\/\/studio-rugel.com\/sl\/wp-json\/wp\/v2\/product\/2820","targetHints":{"allow":["GET"]}}],"collection":[{"href":"https:\/\/studio-rugel.com\/sl\/wp-json\/wp\/v2\/product"}],"about":[{"href":"https:\/\/studio-rugel.com\/sl\/wp-json\/wp\/v2\/types\/product"}],"replies":[{"embeddable":true,"href":"https:\/\/studio-rugel.com\/sl\/wp-json\/wp\/v2\/comments?post=2820"}],"wp:featuredmedia":[{"embeddable":true,"href":"https:\/\/studio-rugel.com\/sl\/wp-json\/wp\/v2\/media\/2821"}],"wp:attachment":[{"href":"https:\/\/studio-rugel.com\/sl\/wp-json\/wp\/v2\/media?parent=2820"}],"wp:term":[{"taxonomy":"product_brand","embeddable":true,"href":"https:\/\/studio-rugel.com\/sl\/wp-json\/wp\/v2\/product_brand?post=2820"},{"taxonomy":"product_cat","embeddable":true,"href":"https:\/\/studio-rugel.com\/sl\/wp-json\/wp\/v2\/product_cat?post=2820"},{"taxonomy":"product_tag","embeddable":true,"href":"https:\/\/studio-rugel.com\/sl\/wp-json\/wp\/v2\/product_tag?post=2820"}],"curies":[{"name":"wp","href":"https:\/\/api.w.org\/{rel}","templated":true}]}}